{"id":82,"date":"2018-07-13T05:36:59","date_gmt":"2018-07-13T05:36:59","guid":{"rendered":"https:\/\/dev.rigorousthemes.com\/demo\/realestate\/?page_id=82"},"modified":"2018-11-27T21:55:42","modified_gmt":"2018-11-27T21:55:42","slug":"agentes","status":"publish","type":"page","link":"https:\/\/www.ncmpl.pt\/?page_id=82","title":{"rendered":"Agentes de Execu\u00e7\u00e3o"},"content":{"rendered":"<h3>Determinados a prestar um melhor servi\u00e7o, mais r\u00e1pido, mais eficaz, mais profissional e que melhor acautele o interesse comum dos Ilustres Mandat\u00e1rios e dos seus clientes, a nossa equipa conta com dois Agentes de Execu\u00e7\u00e3o, que entre si coordenam e distribuem todo o trabalho, dando assim uma resposta c\u00e9lere e eficiente na realiza\u00e7\u00e3o de todas as dilig\u00eancias.<\/h3>\n","protected":false},"excerpt":{"rendered":"<p>Determinados a prestar um melhor servi\u00e7o, mais r\u00e1pido, mais eficaz, mais profissional e que melhor acautele o interesse comum dos Ilustres Mandat\u00e1rios e dos seus clientes, a nossa equipa conta com dois Agentes de Execu\u00e7\u00e3o, que entre si coordenam e distribuem todo o trabalho, dando assim uma resposta c\u00e9lere e eficiente na realiza\u00e7\u00e3o de todas [&hellip;]<\/p>\n","protected":false},"author":1,"featured_media":0,"parent":0,"menu_order":0,"comment_status":"closed","ping_status":"closed","template":"","meta":{"footnotes":""},"class_list":["post-82","page","type-page","status-publish","hentry"],"_links":{"self":[{"href":"https:\/\/www.ncmpl.pt\/index.php?rest_route=\/wp\/v2\/pages\/82","targetHints":{"allow":["GET"]}}],"collection":[{"href":"https:\/\/www.ncmpl.pt\/index.php?rest_route=\/wp\/v2\/pages"}],"about":[{"href":"https:\/\/www.ncmpl.pt\/index.php?rest_route=\/wp\/v2\/types\/page"}],"author":[{"embeddable":true,"href":"https:\/\/www.ncmpl.pt\/index.php?rest_route=\/wp\/v2\/users\/1"}],"replies":[{"embeddable":true,"href":"https:\/\/www.ncmpl.pt\/index.php?rest_route=%2Fwp%2Fv2%2Fcomments&post=82"}],"version-history":[{"count":0,"href":"https:\/\/www.ncmpl.pt\/index.php?rest_route=\/wp\/v2\/pages\/82\/revisions"}],"wp:attachment":[{"href":"https:\/\/www.ncmpl.pt\/index.php?rest_route=%2Fwp%2Fv2%2Fmedia&parent=82"}],"curies":[{"name":"wp","href":"https:\/\/api.w.org\/{rel}","templated":true}]}}